{"id":973,"date":"2023-11-29T15:14:06","date_gmt":"2023-11-29T14:14:06","guid":{"rendered":"https:\/\/man.kielce.pl\/?page_id=973"},"modified":"2023-11-30T11:40:14","modified_gmt":"2023-11-30T10:40:14","slug":"o-nas","status":"publish","type":"page","link":"https:\/\/man.kielce.pl\/?page_id=973","title":{"rendered":"O nas"},"content":{"rendered":"\t\t<div data-elementor-type=\"wp-page\" data-elementor-id=\"973\" class=\"elementor elementor-973\">\n\t\t\t\t\t\t\t<div class=\"elementor-element elementor-element-067b9d1 e-flex e-con-boxed e-con e-parent\" data-id=\"067b9d1\" data-element_type=\"container\" data-settings=\"{&quot;content_width&quot;:&quot;boxed&quot;}\" data-core-v316-plus=\"true\">\n\t\t\t\t\t<div class=\"e-con-inner\">\n\t\t\t\t<div class=\"elementor-element elementor-element-3750be9 elementor-widget elementor-widget-text-editor\" data-id=\"3750be9\" data-element_type=\"widget\" data-widget_type=\"text-editor.default\">\n\t\t\t\t<div class=\"elementor-widget-container\">\n\t\t\t<style>\/*! elementor - v3.17.0 - 08-11-2023 *\/\n.elementor-widget-text-editor.elementor-drop-cap-view-stacked .elementor-drop-cap{background-color:#69727d;color:#fff}.elementor-widget-text-editor.elementor-drop-cap-view-framed .elementor-drop-cap{color:#69727d;border:3px solid;background-color:transparent}.elementor-widget-text-editor:not(.elementor-drop-cap-view-default) .elementor-drop-cap{margin-top:8px}.elementor-widget-text-editor:not(.elementor-drop-cap-view-default) .elementor-drop-cap-letter{width:1em;height:1em}.elementor-widget-text-editor .elementor-drop-cap{float:left;text-align:center;line-height:1;font-size:50px}.elementor-widget-text-editor .elementor-drop-cap-letter{display:inline-block}<\/style>\t\t\t\t<p><span style=\"color: #000000;\">Szkielet Miejskiej Sieci Komputerowej KIELMAN w wi\u0119kszo\u015bci opiera si\u0119 na w\u0142asnych \u015bwiat\u0142owodach. Rozchodz\u0105 si\u0119 one promieni\u015bcie od budynku Politechniki \u015awi\u0119tokrzyskiej, gdzie zlokalizowany jest g\u0142\u00f3wny w\u0119ze\u0142 sieci. Istniej\u0105ce \u015bwiat\u0142owody, oraz te budowane, przedstawiono&nbsp;<a style=\"color: #000000;\" title=\"Plan \u015bwiat\u0142owod\u00f3w sieci Kielman\" href=\"https:\/\/www.man.kielce.pl\/index.php?l=infra&amp;p=plan\">na planie<\/a>.<\/span><br><span style=\"color: #000000;\">Sie\u0107 MSK KIELMAN bazuje g\u0142\u00f3wnie na technologii GigabitEthernet i FastEthernet. Dodatkowo jako backup niekt\u00f3rych odcink\u00f3w sieci, stosowany jest ATM 155 Mbit. Do realizacji po\u0142\u0105cze\u0144 do cz\u0119\u015bci klient\u00f3w wykorzystywana jest r\u00f3wnie\u017c sie\u0107 bezprzewodowa (WiFi) w pa\u015bmie 5Ghz.<\/span><br><span style=\"color: #000000;\">Dost\u0119p do Internetu KielMAN uzyskuje za po\u015brednictwem sieci PIONIER, kt\u00f3rej jeden z w\u0119z\u0142\u00f3w zlokalizowany jest w Politechnice \u015awi\u0119tokrzyskiej. W\u0119ze\u0142 ten po\u0142\u0105czony jest z s\u0105siednimi w\u0119z\u0142ami w Krakowie, Radomiu i Warszawie \u0142\u0105czami 20Gbit Ethernet, natomiast z MSK KIELMAN 10Gbit Ethernet. Dzia\u0142anie sieci PIONIER oparte jest obecnie o technologi\u0119 MPLS. Dzi\u0119ki zastosowaniu w sieci KielMAN rutingu BGP wykorzystywane jest jako \u0142\u0105cze dodatkowe i zapasowe \u0142\u0105cze do sieci NASK.<\/span><br><span style=\"color: #000000;\">W sieci pracuj\u0105 dwa rutery brzegowe z BGP obs\u0142uguj\u0105ce oddzielnie ruch klient\u00f3w komercyjnych i edukacyjnych. KielMAN posiada wymian\u0119 ruchu BGP z nast\u0119puj\u0105cymi sieciami:<\/span><\/p>\n<ul>\n<li><span style=\"color: #000000;\"><a style=\"color: #000000;\" href=\"http:\/\/www.pionier.gov.pl\/\">PIONIER<\/a>&nbsp;(w\u0119z\u0142y w Poznaniu i Warszawie),<\/span><\/li>\n<li><span style=\"color: #000000;\"><a style=\"color: #000000;\" href=\"http:\/\/www.tp.pl\/\" target=\"_new\">TPNET,<\/a><\/span><\/li>\n<li><span style=\"color: #000000;\"><a style=\"color: #000000;\" href=\"http:\/\/www.cyfronet.krakow.pl\/\" target=\"_new\">Cyfronet<\/a>,<\/span><\/li>\n<li><span style=\"color: #000000;\"><a style=\"color: #000000;\" href=\"http:\/\/www.task.gda.pl\/\" target=\"_new\">TASK<\/a>,<\/span><\/li>\n<li><span style=\"color: #000000;\"><a style=\"color: #000000;\" href=\"http:\/\/ck.polsl.pl\/dsr\/default.aspx\" target=\"_new\">SASK<\/a>,<\/span><\/li>\n<li><span style=\"color: #000000;\"><a style=\"color: #000000;\" href=\"http:\/\/k2.pcz.czest.pl\/\" target=\"_new\">MSK w Cz\u0119stochowie<\/a>,<\/span><\/li>\n<li><span style=\"color: #000000;\"><a style=\"color: #000000;\" href=\"http:\/\/www.teliasonera.se\/\" target=\"_new\">Telia Sonera<\/a>&nbsp;(g\u0142\u00f3wnie na potrzeby klient\u00f3w komercyjnych),<\/span><\/li>\n<li><span style=\"color: #000000;\"><a style=\"color: #000000;\" href=\"http:\/\/www.nask.pl\/\" target=\"_new\">NASK<\/a>.<\/span><\/li>\n<\/ul>\t\t\t\t\t\t<\/div>\n\t\t\t\t<\/div>\n\t\t\t\t\t<\/div>\n\t\t\t\t<\/div>\n\t\t<div class=\"elementor-element elementor-element-54e9470 e-con-full e-flex e-con e-parent\" data-id=\"54e9470\" data-element_type=\"container\" data-settings=\"{&quot;content_width&quot;:&quot;full&quot;}\" data-core-v316-plus=\"true\">\n\t\t<div class=\"elementor-element elementor-element-829605e e-con-full e-flex e-con e-child\" data-id=\"829605e\" data-element_type=\"container\" data-settings=\"{&quot;content_width&quot;:&quot;full&quot;}\">\n\t\t\t\t<div class=\"elementor-element elementor-element-0cb3b53 elementor-widget elementor-widget-image\" data-id=\"0cb3b53\" data-element_type=\"widget\" data-widget_type=\"image.default\">\n\t\t\t\t<div class=\"elementor-widget-container\">\n\t\t\t<style>\/*! elementor - v3.17.0 - 08-11-2023 *\/\n.elementor-widget-image{text-align:center}.elementor-widget-image a{display:inline-block}.elementor-widget-image a img[src$=\".svg\"]{width:48px}.elementor-widget-image img{vertical-align:middle;display:inline-block}<\/style>\t\t\t\t\t\t\t\t\t\t\t\t<img loading=\"lazy\" decoding=\"async\" width=\"1024\" height=\"461\" src=\"https:\/\/man.kielce.pl\/wp-content\/uploads\/2023\/11\/20231128_184238-1024x461.jpg\" class=\"attachment-large size-large wp-image-990\" alt=\"serwerownia psk\" srcset=\"https:\/\/man.kielce.pl\/wp-content\/uploads\/2023\/11\/20231128_184238-1024x461.jpg 1024w, https:\/\/man.kielce.pl\/wp-content\/uploads\/2023\/11\/20231128_184238-300x135.jpg 300w, https:\/\/man.kielce.pl\/wp-content\/uploads\/2023\/11\/20231128_184238-768x346.jpg 768w, https:\/\/man.kielce.pl\/wp-content\/uploads\/2023\/11\/20231128_184238-1536x692.jpg 1536w, https:\/\/man.kielce.pl\/wp-content\/uploads\/2023\/11\/20231128_184238-2048x922.jpg 2048w, https:\/\/man.kielce.pl\/wp-content\/uploads\/2023\/11\/20231128_184238-1000x450.jpg 1000w, https:\/\/man.kielce.pl\/wp-content\/uploads\/2023\/11\/20231128_184238-230x104.jpg 230w, https:\/\/man.kielce.pl\/wp-content\/uploads\/2023\/11\/20231128_184238-350x158.jpg 350w, https:\/\/man.kielce.pl\/wp-content\/uploads\/2023\/11\/20231128_184238-480x216.jpg 480w\" sizes=\"(max-width: 1024px) 100vw, 1024px\" \/>\t\t\t\t\t\t\t\t\t\t\t\t\t\t\t<\/div>\n\t\t\t\t<\/div>\n\t\t\t\t<\/div>\n\t\t<div class=\"elementor-element elementor-element-0bf2bdb e-con-full e-flex e-con e-child\" data-id=\"0bf2bdb\" data-element_type=\"container\" data-settings=\"{&quot;content_width&quot;:&quot;full&quot;}\">\n\t\t\t\t<div class=\"elementor-element elementor-element-f772e0c elementor-widget elementor-widget-text-editor\" data-id=\"f772e0c\" data-element_type=\"widget\" data-widget_type=\"text-editor.default\">\n\t\t\t\t<div class=\"elementor-widget-container\">\n\t\t\t\t\t\t\t<p><strong>O naszej jednostce:<\/strong><\/p>\n<ul class=\"notka\">\n<li>Infrastruktura sieci MSK KIELMAN jest budowana w&nbsp;wi\u0119kszo\u015bci w oparciu o w\u0142asne \u015bwiat\u0142owody,<\/li>\n<li>Sie\u0107 wyposa\u017cona jest w nowoczesne urz\u0105dzenia renomowanych producent\u00f3w,<\/li>\n<li>MSK KIELMAN jest w\u0119z\u0142em og\u00f3lnokrajowej sieci optycznej&nbsp;<a title=\"PIONIER - Polski Internet Optyczny\" href=\"http:\/\/www.pionier.gov.pl\/\">PIONIER<\/a>. Obecnie dysponuje dost\u0119pem do Internetu o przepustowo\u015bci n x 10Gb\/s z mo\u017cliwo\u015bci\u0105 rozszerzenia do 100Gb\/s, oraz \u0142\u0105czami rezerwowymi,<\/li>\n<li>MSK KIELMAN posiada status LIRa,<\/li>\n<li>Sie\u0107 posiada dwa rutery brzegowe z rutingiem BGP,<\/li>\n<\/ul>\n<p><strong>Serwerownia wyposa\u017cona jest w:<\/strong><\/p>\n<ul>\n<li>Uk\u0142ad zasilania gwarantowanego &#8211; z 2 linii \u015bredniego napi\u0119cia i agregatu wspomaganych przez modularny zasilacz UPS<\/li>\n<li>System klimatyzacji precyzyjnej dzia\u0142aj\u0105cy w uk\u0142adzie redundantnym 1+1<\/li>\n<li>Infrastruktura sk\u0142adowania danych po\u0142\u0105czona w spos\u00f3b redundantny do w\u0119z\u0142a g\u0142\u00f3wnego sieci MSK KielMAN<\/li>\n<li>System gaszenia gazem<\/li>\n<li>System kontroli dost\u0119pu i monitoringu wizyjnego<\/li>\n<\/ul>\t\t\t\t\t\t<\/div>\n\t\t\t\t<\/div>\n\t\t\t\t<\/div>\n\t\t\t\t<\/div>\n\t\t\t\t\t\t\t<\/div>\n\t\t","protected":false},"excerpt":{"rendered":"<p>Szkielet Miejskiej Sieci Komputerowej KIELMAN w wi\u0119kszo\u015bci opiera si\u0119 na w\u0142asnych \u015bwiat\u0142owodach. Rozchodz\u0105 si\u0119 one promieni\u015bcie od budynku Politechniki \u015awi\u0119tokrzyskiej, gdzie zlokalizowany [&hellip;]<\/p>\n","protected":false},"author":1,"featured_media":0,"parent":0,"menu_order":0,"comment_status":"closed","ping_status":"closed","template":"page-templates\/page_front-page.php","meta":{"footnotes":""},"_links":{"self":[{"href":"https:\/\/man.kielce.pl\/index.php?rest_route=\/wp\/v2\/pages\/973"}],"collection":[{"href":"https:\/\/man.kielce.pl\/index.php?rest_route=\/wp\/v2\/pages"}],"about":[{"href":"https:\/\/man.kielce.pl\/index.php?rest_route=\/wp\/v2\/types\/page"}],"author":[{"embeddable":true,"href":"https:\/\/man.kielce.pl\/index.php?rest_route=\/wp\/v2\/users\/1"}],"replies":[{"embeddable":true,"href":"https:\/\/man.kielce.pl\/index.php?rest_route=%2Fwp%2Fv2%2Fcomments&post=973"}],"version-history":[{"count":19,"href":"https:\/\/man.kielce.pl\/index.php?rest_route=\/wp\/v2\/pages\/973\/revisions"}],"predecessor-version":[{"id":1002,"href":"https:\/\/man.kielce.pl\/index.php?rest_route=\/wp\/v2\/pages\/973\/revisions\/1002"}],"wp:attachment":[{"href":"https:\/\/man.kielce.pl\/index.php?rest_route=%2Fwp%2Fv2%2Fmedia&parent=973"}],"curies":[{"name":"wp","href":"https:\/\/api.w.org\/{rel}","templated":true}]}}