{"id":924,"date":"2022-05-25T10:31:06","date_gmt":"2022-05-25T08:31:06","guid":{"rendered":"https:\/\/man.kielce.pl\/?page_id=924"},"modified":"2024-09-11T09:26:05","modified_gmt":"2024-09-11T07:26:05","slug":"podpis-elektroniczny","status":"publish","type":"page","link":"https:\/\/man.kielce.pl\/?page_id=924","title":{"rendered":"Podpis elektroniczny"},"content":{"rendered":"\t\t<div data-elementor-type=\"wp-page\" data-elementor-id=\"924\" class=\"elementor elementor-924\">\n\t\t\t\t\t\t\t\t\t<section class=\"elementor-section elementor-top-section elementor-element elementor-element-00a2765 elementor-section-boxed elementor-section-height-default elementor-section-height-default\" data-id=\"00a2765\" data-element_type=\"section\">\n\t\t\t\t\t\t<div class=\"elementor-container elementor-column-gap-default\">\n\t\t\t\t\t<div class=\"elementor-column elementor-col-100 elementor-top-column elementor-element elementor-element-df990f7\" data-id=\"df990f7\" data-element_type=\"column\">\n\t\t\t<div class=\"elementor-widget-wrap elementor-element-populated\">\n\t\t\t\t\t\t\t\t<div class=\"elementor-element elementor-element-668205b elementor-widget elementor-widget-heading\" data-id=\"668205b\" data-element_type=\"widget\" data-widget_type=\"heading.default\">\n\t\t\t\t<div class=\"elementor-widget-container\">\n\t\t\t<style>\/*! elementor - v3.17.0 - 08-11-2023 *\/\n.elementor-heading-title{padding:0;margin:0;line-height:1}.elementor-widget-heading .elementor-heading-title[class*=elementor-size-]>a{color:inherit;font-size:inherit;line-height:inherit}.elementor-widget-heading .elementor-heading-title.elementor-size-small{font-size:15px}.elementor-widget-heading .elementor-heading-title.elementor-size-medium{font-size:19px}.elementor-widget-heading .elementor-heading-title.elementor-size-large{font-size:29px}.elementor-widget-heading .elementor-heading-title.elementor-size-xl{font-size:39px}.elementor-widget-heading .elementor-heading-title.elementor-size-xxl{font-size:59px}<\/style><h2 class=\"elementor-heading-title elementor-size-default\">Podpis elektroniczny<\/h2>\t\t<\/div>\n\t\t\t\t<\/div>\n\t\t\t\t<div class=\"elementor-element elementor-element-ef775ca elementor-widget elementor-widget-text-editor\" data-id=\"ef775ca\" data-element_type=\"widget\" data-widget_type=\"text-editor.default\">\n\t\t\t\t<div class=\"elementor-widget-container\">\n\t\t\t<style>\/*! elementor - v3.17.0 - 08-11-2023 *\/\n.elementor-widget-text-editor.elementor-drop-cap-view-stacked .elementor-drop-cap{background-color:#69727d;color:#fff}.elementor-widget-text-editor.elementor-drop-cap-view-framed .elementor-drop-cap{color:#69727d;border:3px solid;background-color:transparent}.elementor-widget-text-editor:not(.elementor-drop-cap-view-default) .elementor-drop-cap{margin-top:8px}.elementor-widget-text-editor:not(.elementor-drop-cap-view-default) .elementor-drop-cap-letter{width:1em;height:1em}.elementor-widget-text-editor .elementor-drop-cap{float:left;text-align:center;line-height:1;font-size:50px}.elementor-widget-text-editor .elementor-drop-cap-letter{display:inline-block}<\/style>\t\t\t\t<p style=\"text-align: center;\"><b><a href=\"https:\/\/man.kielce.pl\/wp-content\/uploads\/2024\/03\/sigillum-logo.svg\"><img loading=\"lazy\" decoding=\"async\" class=\"alignnone size-full wp-image-1113\" src=\"https:\/\/man.kielce.pl\/wp-content\/uploads\/2024\/03\/sigillum-logo.svg\" alt=\"\" width=\"260\" height=\"39\"><\/a><\/b><\/p>\n<p><b>Politechnika \u015awi\u0119tokrzyska<\/b>&nbsp;jest jednym z po\u015brednik\u00f3w&nbsp;sprzedaj\u0105cych produkty oferowane przez&nbsp;<strong>Centrum Us\u0142ug Zaufania Sigillum<\/strong>. Najpopularniejszym produktem oferowanym przez CUZ Sigillum jest podpis kwalifikowany, kt\u00f3ry jest&nbsp;<span style=\"background-color: transparent;\">zgodny z Rozporz\u0105dzeniem&nbsp;<\/span><span style=\"background-color: transparent; font-weight: 600;\">eIDAS,&nbsp;<\/span><span style=\"background-color: transparent;\">mo\u017cna wykorzysta\u0107 do sk\u0142adania deklaracji w<\/span><strong style=\"background-color: transparent;\">&nbsp;ZUS<\/strong><span style=\"background-color: transparent;\">, wysy\u0142ania sprawozda\u0144 do&nbsp;<\/span><strong style=\"background-color: transparent;\">KRS<\/strong><span style=\"background-color: transparent;\">, zawierania (podpisywania) um\u00f3w oraz udzia\u0142u w aukcjach na elektronicznych platformach przetargowych, w tym<\/span><strong style=\"background-color: transparent;\">&nbsp;JEDZ<\/strong><span style=\"background-color: transparent;\">. Przy u\u017cyciu podpisu kwalifikowanego mo\u017cna rejestrowa\u0107 dane w&nbsp;<\/span><strong style=\"background-color: transparent;\">UODO<\/strong><span style=\"background-color: transparent;\">, przesy\u0142a\u0107 dane do&nbsp;<\/span><strong style=\"background-color: transparent;\">GIIF<\/strong><span style=\"background-color: transparent;\">, a tak\u017ce kontaktowa\u0107 si\u0119 z<\/span><strong style=\"background-color: transparent;\">&nbsp;Urz\u0119dami Administracji Publicznej<\/strong><span style=\"background-color: transparent;\">.<\/span><\/p>\n<p><strong>Wszelkie pytania dotycz\u0105ce podpisu elektronicznego nale\u017cy kierowa\u0107 w godzinach 8:00-15:00, Pn.-Pt. do:<\/strong><\/p>\n<ul>\n<li>Andrzej Borowiec, aborowiec [at] kielce.pl, tel.: 41 34 24 685<\/li>\n<li>Ma\u0142gorzata Kita, mkita [at] kielce.pl, tel.: 41 34 24 496<\/li>\n<\/ul>\n<div>&nbsp;<\/div>\n<div>&nbsp;<\/div>\n<div>&nbsp;<\/div>\n<div>&nbsp;<\/div>\n<div>&nbsp;<\/div>\n<div>&nbsp;<\/div>\t\t\t\t\t\t<\/div>\n\t\t\t\t<\/div>\n\t\t\t\t\t<\/div>\n\t\t<\/div>\n\t\t\t\t\t\t\t<\/div>\n\t\t<\/section>\n\t\t\t\t<section class=\"elementor-section elementor-top-section elementor-element elementor-element-b6847df elementor-section-content-middle cennik elementor-section-boxed elementor-section-height-default elementor-section-height-default\" data-id=\"b6847df\" data-element_type=\"section\" data-settings=\"{&quot;background_background&quot;:&quot;classic&quot;}\">\n\t\t\t\t\t\t<div class=\"elementor-container elementor-column-gap-default\">\n\t\t\t\t\t<div class=\"elementor-column elementor-col-100 elementor-top-column elementor-element elementor-element-369fa13\" data-id=\"369fa13\" data-element_type=\"column\">\n\t\t\t<div class=\"elementor-widget-wrap elementor-element-populated\">\n\t\t\t\t\t\t\t\t<div class=\"elementor-element elementor-element-95031e2 elementor-widget elementor-widget-heading\" data-id=\"95031e2\" data-element_type=\"widget\" data-widget_type=\"heading.default\">\n\t\t\t\t<div class=\"elementor-widget-container\">\n\t\t\t<h2 class=\"elementor-heading-title elementor-size-default\">Oferta<\/h2>\t\t<\/div>\n\t\t\t\t<\/div>\n\t\t\t\t<div class=\"elementor-element elementor-element-24d1890 elementor-widget elementor-widget-text-editor\" data-id=\"24d1890\" data-element_type=\"widget\" data-widget_type=\"text-editor.default\">\n\t\t\t\t<div class=\"elementor-widget-container\">\n\t\t\t\t\t\t\t<p>Do zapoznania si\u0119 z ofert\u0105 zapraszamy na stron\u0119 <a href=\"https:\/\/sigillum.pl\/produkty\">https:\/\/sigillum.pl\/produkty<\/a><br \/>*W przypadku konieczno\u015bci dojazdu do klienta prosimy o kontakt telefoniczny<\/p>\t\t\t\t\t\t<\/div>\n\t\t\t\t<\/div>\n\t\t\t\t\t<\/div>\n\t\t<\/div>\n\t\t\t\t\t\t\t<\/div>\n\t\t<\/section>\n\t\t\t\t\t\t\t<\/div>\n\t\t","protected":false},"excerpt":{"rendered":"<p>Podpis elektroniczny Politechnika \u015awi\u0119tokrzyska&nbsp;jest jednym z po\u015brednik\u00f3w&nbsp;sprzedaj\u0105cych produkty oferowane przez&nbsp;Centrum Us\u0142ug Zaufania Sigillum. Najpopularniejszym produktem oferowanym przez CUZ Sigillum jest podpis kwalifikowany, [&hellip;]<\/p>\n","protected":false},"author":1,"featured_media":0,"parent":0,"menu_order":0,"comment_status":"closed","ping_status":"closed","template":"page-templates\/page_front-page.php","meta":{"footnotes":""},"_links":{"self":[{"href":"https:\/\/man.kielce.pl\/index.php?rest_route=\/wp\/v2\/pages\/924"}],"collection":[{"href":"https:\/\/man.kielce.pl\/index.php?rest_route=\/wp\/v2\/pages"}],"about":[{"href":"https:\/\/man.kielce.pl\/index.php?rest_route=\/wp\/v2\/types\/page"}],"author":[{"embeddable":true,"href":"https:\/\/man.kielce.pl\/index.php?rest_route=\/wp\/v2\/users\/1"}],"replies":[{"embeddable":true,"href":"https:\/\/man.kielce.pl\/index.php?rest_route=%2Fwp%2Fv2%2Fcomments&post=924"}],"version-history":[{"count":16,"href":"https:\/\/man.kielce.pl\/index.php?rest_route=\/wp\/v2\/pages\/924\/revisions"}],"predecessor-version":[{"id":1174,"href":"https:\/\/man.kielce.pl\/index.php?rest_route=\/wp\/v2\/pages\/924\/revisions\/1174"}],"wp:attachment":[{"href":"https:\/\/man.kielce.pl\/index.php?rest_route=%2Fwp%2Fv2%2Fmedia&parent=924"}],"curies":[{"name":"wp","href":"https:\/\/api.w.org\/{rel}","templated":true}]}}