{"id":837,"date":"2022-05-18T11:02:03","date_gmt":"2022-05-18T09:02:03","guid":{"rendered":"https:\/\/man.kielce.pl\/?page_id=837"},"modified":"2023-12-04T07:49:21","modified_gmt":"2023-12-04T06:49:21","slug":"kolokacja","status":"publish","type":"page","link":"https:\/\/man.kielce.pl\/?page_id=837","title":{"rendered":"Kolokacja"},"content":{"rendered":"\t\t<div data-elementor-type=\"wp-page\" data-elementor-id=\"837\" class=\"elementor elementor-837\">\n\t\t\t\t\t\t\t\t\t<section class=\"elementor-section elementor-top-section elementor-element elementor-element-0be2adf elementor-section-boxed elementor-section-height-default elementor-section-height-default\" data-id=\"0be2adf\" data-element_type=\"section\">\n\t\t\t\t\t\t<div class=\"elementor-container elementor-column-gap-default\">\n\t\t\t\t\t<div class=\"elementor-column elementor-col-100 elementor-top-column elementor-element elementor-element-aa922a2\" data-id=\"aa922a2\" data-element_type=\"column\">\n\t\t\t<div class=\"elementor-widget-wrap elementor-element-populated\">\n\t\t\t\t\t\t\t\t<div class=\"elementor-element elementor-element-b8e5f34 elementor-widget elementor-widget-heading\" data-id=\"b8e5f34\" data-element_type=\"widget\" data-widget_type=\"heading.default\">\n\t\t\t\t<div class=\"elementor-widget-container\">\n\t\t\t<style>\/*! elementor - v3.17.0 - 08-11-2023 *\/\n.elementor-heading-title{padding:0;margin:0;line-height:1}.elementor-widget-heading .elementor-heading-title[class*=elementor-size-]>a{color:inherit;font-size:inherit;line-height:inherit}.elementor-widget-heading .elementor-heading-title.elementor-size-small{font-size:15px}.elementor-widget-heading .elementor-heading-title.elementor-size-medium{font-size:19px}.elementor-widget-heading .elementor-heading-title.elementor-size-large{font-size:29px}.elementor-widget-heading .elementor-heading-title.elementor-size-xl{font-size:39px}.elementor-widget-heading .elementor-heading-title.elementor-size-xxl{font-size:59px}<\/style><h2 class=\"elementor-heading-title elementor-size-default\">Hoteling\/Kolokacja serwera<\/h2>\t\t<\/div>\n\t\t\t\t<\/div>\n\t\t\t\t<div class=\"elementor-element elementor-element-61fdbce elementor-widget elementor-widget-text-editor\" data-id=\"61fdbce\" data-element_type=\"widget\" data-widget_type=\"text-editor.default\">\n\t\t\t\t<div class=\"elementor-widget-container\">\n\t\t\t<style>\/*! elementor - v3.17.0 - 08-11-2023 *\/\n.elementor-widget-text-editor.elementor-drop-cap-view-stacked .elementor-drop-cap{background-color:#69727d;color:#fff}.elementor-widget-text-editor.elementor-drop-cap-view-framed .elementor-drop-cap{color:#69727d;border:3px solid;background-color:transparent}.elementor-widget-text-editor:not(.elementor-drop-cap-view-default) .elementor-drop-cap{margin-top:8px}.elementor-widget-text-editor:not(.elementor-drop-cap-view-default) .elementor-drop-cap-letter{width:1em;height:1em}.elementor-widget-text-editor .elementor-drop-cap{float:left;text-align:center;line-height:1;font-size:50px}.elementor-widget-text-editor .elementor-drop-cap-letter{display:inline-block}<\/style>\t\t\t\t<p><strong>Hoteling\/kolokacja polega na umieszczeniu serwera klienta w specjalnie przygotowanej serwerowni internetowej. W ramach tej us\u0142ugi udost\u0119pniane jest:<\/strong><\/p>\n<ul>\n<li>Miejsce na serwer,<\/li>\n<li>24-godzinny dost\u0119p do \u0142\u0105cza sta\u0142ego o wybranej przepustowo\u015bci,<\/li>\n<li>zasilanie gwarantowane,<\/li>\n<li>pod\u0142\u0105czenie serwera do switcha 100Mb\/s,<\/li>\n<li>jeden numer IP,<\/li>\n<li>restart systemu w godzinach pracy (na \u017cyczenie klienta),<\/li>\n<li>pomieszczenie klimatyzowane i chronione alarmem.<\/li>\n<\/ul>\n<p><strong>Klient\u00f3w zainteresowanych ofert\u0105 prosimy o kontakt w godzinach 8:00-15:00, Pn.-Pt. do:<\/strong><\/p>\n<ul>\n<li><strong>Ma\u0142gorzata Kita <\/strong>tel. 41 34 24 496 e-mail: mkita [at] tu.kielce.pl<\/li>\n<\/ul>\t\t\t\t\t\t<\/div>\n\t\t\t\t<\/div>\n\t\t\t\t\t<\/div>\n\t\t<\/div>\n\t\t\t\t\t\t\t<\/div>\n\t\t<\/section>\n\t\t\t\t<section class=\"elementor-section elementor-top-section elementor-element elementor-element-5fa804d elementor-section-content-middle cennik elementor-section-boxed elementor-section-height-default elementor-section-height-default\" data-id=\"5fa804d\" data-element_type=\"section\" data-settings=\"{&quot;background_background&quot;:&quot;classic&quot;}\">\n\t\t\t\t\t\t<div class=\"elementor-container elementor-column-gap-default\">\n\t\t\t\t\t<div class=\"elementor-column elementor-col-100 elementor-top-column elementor-element elementor-element-29058e4\" data-id=\"29058e4\" data-element_type=\"column\">\n\t\t\t<div class=\"elementor-widget-wrap elementor-element-populated\">\n\t\t\t\t\t\t\t\t<div class=\"elementor-element elementor-element-1c0f1ed elementor-widget elementor-widget-heading\" data-id=\"1c0f1ed\" data-element_type=\"widget\" data-widget_type=\"heading.default\">\n\t\t\t\t<div class=\"elementor-widget-container\">\n\t\t\t<h2 class=\"elementor-heading-title elementor-size-default\">Cennik<\/h2>\t\t<\/div>\n\t\t\t\t<\/div>\n\t\t\t\t<div class=\"elementor-element elementor-element-aa79ab4 elementor-widget elementor-widget-text-editor\" data-id=\"aa79ab4\" data-element_type=\"widget\" data-widget_type=\"text-editor.default\">\n\t\t\t\t<div class=\"elementor-widget-container\">\n\t\t\t\t\t\t\t<table><thead><tr><th colspan=\"2\">Kolokacja<\/th><th>Jednorazowa op\u0142ata instalacyjna<\/th><th>Miesi\u0119czna op\u0142ata<\/th><\/tr><\/thead><tbody><tr><td rowspan=\"2\">Typ obudowy serwera 2U<\/td><td>Obudowa typu rack 19&#8243; wyposa\u017cona w system mocuj\u0105cy<\/td><td>200 z\u0142<\/td><td>&#8211;<\/td><\/tr><tr><td>Obudowa typu tower (wolnostoj\u0105ca)<\/td><td>400 z\u0142<\/td><td>&#8211;<\/td><\/tr><tr><td rowspan=\"2\">Gwarantowane pasmo do\/z Internetu (dotyczy standardowej us\u0142ugi kolokacji serwer\u00f3w)<\/td><td>2 Mbps<\/td><td>&#8211;<\/td><td>400 z\u0142<\/td><\/tr><tr><td>za ka\u017cde nast\u0119pne 1 Mbps<\/td><td>&#8211;<\/td><td>25 z\u0142<\/td><\/tr><tr><td rowspan=\"2\">Us\u0142ugi dodatkowe do standardowej us\u0142ugi kolokacji<\/td><td>Dodatkowa jednostka 1U<\/td><td>&#8211;<\/td><td>25 z\u0142<\/td><\/tr><tr><td>Dodatkowe 100 wat\u00f3w energii elektrycznej (wed\u0142ug mocy zasilacza serwera)<\/td><td>&#8211;<\/td><td>25 z\u0142<\/td><\/tr><\/tbody><\/table><p>Ceny jednostkowe NETTO nale\u017cy doliczy\u0107 obowi\u0105zuj\u0105c\u0105 stawk\u0119 podatku VAT (23%).<\/p>\t\t\t\t\t\t<\/div>\n\t\t\t\t<\/div>\n\t\t\t\t\t<\/div>\n\t\t<\/div>\n\t\t\t\t\t\t\t<\/div>\n\t\t<\/section>\n\t\t\t\t\t\t\t<\/div>\n\t\t","protected":false},"excerpt":{"rendered":"<p>Hoteling\/Kolokacja serwera Hoteling\/kolokacja polega na umieszczeniu serwera klienta w specjalnie przygotowanej serwerowni internetowej. W ramach tej us\u0142ugi udost\u0119pniane jest: Miejsce na serwer, [&hellip;]<\/p>\n","protected":false},"author":1,"featured_media":0,"parent":0,"menu_order":0,"comment_status":"closed","ping_status":"closed","template":"page-templates\/page_front-page.php","meta":{"footnotes":""},"_links":{"self":[{"href":"https:\/\/man.kielce.pl\/index.php?rest_route=\/wp\/v2\/pages\/837"}],"collection":[{"href":"https:\/\/man.kielce.pl\/index.php?rest_route=\/wp\/v2\/pages"}],"about":[{"href":"https:\/\/man.kielce.pl\/index.php?rest_route=\/wp\/v2\/types\/page"}],"author":[{"embeddable":true,"href":"https:\/\/man.kielce.pl\/index.php?rest_route=\/wp\/v2\/users\/1"}],"replies":[{"embeddable":true,"href":"https:\/\/man.kielce.pl\/index.php?rest_route=%2Fwp%2Fv2%2Fcomments&post=837"}],"version-history":[{"count":8,"href":"https:\/\/man.kielce.pl\/index.php?rest_route=\/wp\/v2\/pages\/837\/revisions"}],"predecessor-version":[{"id":1015,"href":"https:\/\/man.kielce.pl\/index.php?rest_route=\/wp\/v2\/pages\/837\/revisions\/1015"}],"wp:attachment":[{"href":"https:\/\/man.kielce.pl\/index.php?rest_route=%2Fwp%2Fv2%2Fmedia&parent=837"}],"curies":[{"name":"wp","href":"https:\/\/api.w.org\/{rel}","templated":true}]}}