{"id":494,"date":"2022-05-17T10:00:52","date_gmt":"2022-05-17T08:00:52","guid":{"rendered":"https:\/\/demo.athemes.com\/sydney-main\/?page_id=494"},"modified":"2023-11-30T11:38:06","modified_gmt":"2023-11-30T10:38:06","slug":"projekty","status":"publish","type":"page","link":"https:\/\/man.kielce.pl\/?page_id=494","title":{"rendered":"Projekty"},"content":{"rendered":"\t\t<div data-elementor-type=\"wp-page\" data-elementor-id=\"494\" class=\"elementor elementor-494\">\n\t\t\t\t\t\t\t<div class=\"elementor-element elementor-element-07b5ae2 e-flex e-con-boxed e-con e-parent\" data-id=\"07b5ae2\" data-element_type=\"container\" data-settings=\"{&quot;content_width&quot;:&quot;boxed&quot;}\" data-core-v316-plus=\"true\">\n\t\t\t\t\t<div class=\"e-con-inner\">\n\t\t<div class=\"elementor-element elementor-element-511a80e e-con-full e-flex e-con e-child\" data-id=\"511a80e\" data-element_type=\"container\" data-settings=\"{&quot;content_width&quot;:&quot;full&quot;}\">\n\t\t\t\t<div class=\"elementor-element elementor-element-86513fa elementor-widget elementor-widget-image\" data-id=\"86513fa\" data-element_type=\"widget\" data-widget_type=\"image.default\">\n\t\t\t\t<div class=\"elementor-widget-container\">\n\t\t\t<style>\/*! elementor - v3.17.0 - 08-11-2023 *\/\n.elementor-widget-image{text-align:center}.elementor-widget-image a{display:inline-block}.elementor-widget-image a img[src$=\".svg\"]{width:48px}.elementor-widget-image img{vertical-align:middle;display:inline-block}<\/style>\t\t\t\t\t\t\t\t\t\t\t\t<img loading=\"lazy\" decoding=\"async\" width=\"1024\" height=\"576\" src=\"https:\/\/man.kielce.pl\/wp-content\/uploads\/2023\/11\/pionierlab-1024x576.jpg\" class=\"attachment-large size-large wp-image-951\" alt=\"logo projektu Pionier Lab\" srcset=\"https:\/\/man.kielce.pl\/wp-content\/uploads\/2023\/11\/pionierlab-1024x576.jpg 1024w, https:\/\/man.kielce.pl\/wp-content\/uploads\/2023\/11\/pionierlab-300x169.jpg 300w, https:\/\/man.kielce.pl\/wp-content\/uploads\/2023\/11\/pionierlab-768x432.jpg 768w, https:\/\/man.kielce.pl\/wp-content\/uploads\/2023\/11\/pionierlab-1000x563.jpg 1000w, https:\/\/man.kielce.pl\/wp-content\/uploads\/2023\/11\/pionierlab-230x129.jpg 230w, https:\/\/man.kielce.pl\/wp-content\/uploads\/2023\/11\/pionierlab-350x197.jpg 350w, https:\/\/man.kielce.pl\/wp-content\/uploads\/2023\/11\/pionierlab-480x270.jpg 480w, https:\/\/man.kielce.pl\/wp-content\/uploads\/2023\/11\/pionierlab.jpg 1408w\" sizes=\"(max-width: 1024px) 100vw, 1024px\" \/>\t\t\t\t\t\t\t\t\t\t\t\t\t\t\t<\/div>\n\t\t\t\t<\/div>\n\t\t\t\t<\/div>\n\t\t<div class=\"elementor-element elementor-element-54c0a70 e-con-full e-flex e-con e-child\" data-id=\"54c0a70\" data-element_type=\"container\" data-settings=\"{&quot;content_width&quot;:&quot;full&quot;}\">\n\t\t\t\t<div class=\"elementor-element elementor-element-cbcc523 elementor-widget elementor-widget-text-editor\" data-id=\"cbcc523\" data-element_type=\"widget\" data-widget_type=\"text-editor.default\">\n\t\t\t\t<div class=\"elementor-widget-container\">\n\t\t\t<style>\/*! elementor - v3.17.0 - 08-11-2023 *\/\n.elementor-widget-text-editor.elementor-drop-cap-view-stacked .elementor-drop-cap{background-color:#69727d;color:#fff}.elementor-widget-text-editor.elementor-drop-cap-view-framed .elementor-drop-cap{color:#69727d;border:3px solid;background-color:transparent}.elementor-widget-text-editor:not(.elementor-drop-cap-view-default) .elementor-drop-cap{margin-top:8px}.elementor-widget-text-editor:not(.elementor-drop-cap-view-default) .elementor-drop-cap-letter{width:1em;height:1em}.elementor-widget-text-editor .elementor-drop-cap{float:left;text-align:center;line-height:1;font-size:50px}.elementor-widget-text-editor .elementor-drop-cap-letter{display:inline-block}<\/style>\t\t\t\t<p style=\"margin: 0px 0px 9px; color: #666666; font-family: 'Archivo Narrow', sans-serif; font-size: 15px;\" align=\"justify\">Projekt PIONIER-LAB \u2013 Krajowa Platforma Integracji Infrastruktur Badawczych z Ekosystemami Innowacji zak\u0142ada budow\u0119 nowych, unikalnych laboratori\u00f3w badawczych i wykorzystanie istniej\u0105cej krajowej sieci \u015bwiat\u0142owodowej PIONIER. G\u0142\u00f3wnym za\u0142o\u017ceniem projektu PIONIER-LAB, kt\u00f3ry znajduje si\u0119 na Polskiej Mapie Drogowej Infrastruktury Badawczej, jest udost\u0119pnienie platformy dla jednostek naukowych, przedsi\u0119biorc\u00f3w i innych podmiot\u00f3w zainteresowanych prowadzeniem bada\u0144 naukowych oraz prac rozwojowych. W&nbsp;ramach projektu PIONIER-LAB planowane jest utworzenie 8 specjalizowanych laboratori\u00f3w:<\/p>\n<ol style=\"margin-top: 0px; margin-bottom: 9px; color: #666666; font-family: 'Archivo Narrow', sans-serif; font-size: 15px;\">\n<li>Laboratorium Innowacyjnych Technologii Sieciowych<\/li>\n<li>Rozproszone Laboratorium Czasu i Cz\u0119stotliwo\u015bci<\/li>\n<li>Smart Kampus jako Laboratorium Smart City<\/li>\n<li>Regionalne \u201e\u017bywe\u201d Laboratoria Innowacji inspirowane ICT<\/li>\n<li>Laboratorium Us\u0142ug Chmurowych<\/li>\n<li>Laboratorium Symulacji Wieloskalowych<\/li>\n<li>Laboratorium i Us\u0142ugi e-szkole\u0144 (w zakresie PIONIER-LAB i innowacji inspirowanych technologi\u0105)<\/li>\n<li>Laboratorium Preinkubacji<\/li>\n<\/ol>\t\t\t\t\t\t<\/div>\n\t\t\t\t<\/div>\n\t\t\t\t<\/div>\n\t\t\t\t\t<\/div>\n\t\t\t\t<\/div>\n\t\t<div class=\"elementor-element elementor-element-1cbb129 e-flex e-con-boxed e-con e-parent\" data-id=\"1cbb129\" data-element_type=\"container\" data-settings=\"{&quot;background_background&quot;:&quot;classic&quot;,&quot;content_width&quot;:&quot;boxed&quot;}\" data-core-v316-plus=\"true\">\n\t\t\t\t\t<div class=\"e-con-inner\">\n\t\t<div class=\"elementor-element elementor-element-3bcd404 e-con-full e-flex e-con e-child\" data-id=\"3bcd404\" data-element_type=\"container\" data-settings=\"{&quot;content_width&quot;:&quot;full&quot;}\">\n\t\t\t\t<div class=\"elementor-element elementor-element-4c052ad elementor-widget elementor-widget-text-editor\" data-id=\"4c052ad\" data-element_type=\"widget\" data-widget_type=\"text-editor.default\">\n\t\t\t\t<div class=\"elementor-widget-container\">\n\t\t\t\t\t\t\t<p style=\"margin: 0px 0px 9px; color: #666666; font-family: 'Archivo Narrow', sans-serif; font-size: 15px;\"><span style=\"color: #ffffff;\">Koncepcja KMD obejmuje fundamentaln\u0105 przebudow\u0119 architektury do postaci otwartego, modularnego, rozszerzalnego oraz zdecentralizowanego i skalowalnego magazynu danych, wyposa\u017conego w szereg interfejs\u00f3w dost\u0119powych oraz zintegrowanych us\u0142ug i aplikacji, w tym mechanizm\u00f3w wspomagaj\u0105cych efektywne sk\u0142adowanie i dost\u0119p do danych (wielopunktowa obs\u0142uga I\/O, buforowanie), d\u0142ugoterminowe zarz\u0105dzanie danymi, ich eksploracj\u0119, analiz\u0119 i efektywne przetwarzanie.<\/span><\/p><p style=\"margin: 0px 0px 9px; color: #666666; font-family: 'Archivo Narrow', sans-serif; font-size: 15px;\"><span style=\"color: #ffffff;\">Otwarta architektura systemu KMD zapewni mo\u017cliwo\u015b\u0107 dalszego rozszerzania funkcjonalno\u015bci i dodawania kolejnych protoko\u0142\u00f3w i interfejs\u00f3w dost\u0119powych do danych, np. us\u0142ug prezentacji danych, us\u0142ug do obr\u00f3bki danych, aplikacji analitycznych czy mechanizm\u00f3w integracji z systemami przetwarzania danych.<\/span><\/p><p style=\"margin: 0px 0px 9px; color: #666666; font-family: 'Archivo Narrow', sans-serif; font-size: 15px;\"><span style=\"color: #ffffff;\">Us\u0142ugi podstawowe systemu zapewni\u0105 mo\u017cliwo\u015b\u0107 przechowywania i zabezpieczania danych (fizycznego i logicznego), natomiast us\u0142ugi dodatkowe, osadzone w systemie oraz us\u0142ugi dost\u0119powe umo\u017cliwi\u0105 realizacj\u0119 zaawansowanych system\u00f3w, us\u0142ug i aplikacji dano-centrycznych, w ramach kt\u00f3rych wymagane jest wydajne i bezpieczne sk\u0142adowanie, dost\u0119p i przetwarzanie oraz zarz\u0105dzanie du\u017cymi i z\u0142o\u017conymi wolumenami danych.<\/span><\/p>\t\t\t\t\t\t<\/div>\n\t\t\t\t<\/div>\n\t\t\t\t<\/div>\n\t\t<div class=\"elementor-element elementor-element-208a98a e-con-full e-flex e-con e-child\" data-id=\"208a98a\" data-element_type=\"container\" data-settings=\"{&quot;content_width&quot;:&quot;full&quot;}\">\n\t\t\t\t<div class=\"elementor-element elementor-element-3452f8b elementor-widget elementor-widget-image\" data-id=\"3452f8b\" data-element_type=\"widget\" data-widget_type=\"image.default\">\n\t\t\t\t<div class=\"elementor-widget-container\">\n\t\t\t\t\t\t\t\t\t\t\t\t\t\t\t<img loading=\"lazy\" decoding=\"async\" width=\"1024\" height=\"576\" src=\"https:\/\/man.kielce.pl\/wp-content\/uploads\/2023\/11\/kmd-1024x576.png\" class=\"attachment-large size-large wp-image-952\" alt=\"\" srcset=\"https:\/\/man.kielce.pl\/wp-content\/uploads\/2023\/11\/kmd-1024x576.png 1024w, https:\/\/man.kielce.pl\/wp-content\/uploads\/2023\/11\/kmd-300x169.png 300w, https:\/\/man.kielce.pl\/wp-content\/uploads\/2023\/11\/kmd-768x432.png 768w, https:\/\/man.kielce.pl\/wp-content\/uploads\/2023\/11\/kmd-1000x563.png 1000w, https:\/\/man.kielce.pl\/wp-content\/uploads\/2023\/11\/kmd-230x129.png 230w, https:\/\/man.kielce.pl\/wp-content\/uploads\/2023\/11\/kmd-350x197.png 350w, https:\/\/man.kielce.pl\/wp-content\/uploads\/2023\/11\/kmd-480x270.png 480w, https:\/\/man.kielce.pl\/wp-content\/uploads\/2023\/11\/kmd.png 1408w\" sizes=\"(max-width: 1024px) 100vw, 1024px\" \/>\t\t\t\t\t\t\t\t\t\t\t\t\t\t\t<\/div>\n\t\t\t\t<\/div>\n\t\t\t\t<\/div>\n\t\t\t\t\t<\/div>\n\t\t\t\t<\/div>\n\t\t<div class=\"elementor-element elementor-element-6a6bbc7 e-flex e-con-boxed e-con e-parent\" data-id=\"6a6bbc7\" data-element_type=\"container\" data-settings=\"{&quot;content_width&quot;:&quot;boxed&quot;}\" data-core-v316-plus=\"true\">\n\t\t\t\t\t<div class=\"e-con-inner\">\n\t\t<div class=\"elementor-element elementor-element-6560ae6 e-con-full e-flex e-con e-child\" data-id=\"6560ae6\" data-element_type=\"container\" data-settings=\"{&quot;content_width&quot;:&quot;full&quot;}\">\n\t\t\t\t<div class=\"elementor-element elementor-element-44c3be9 elementor-widget elementor-widget-image\" data-id=\"44c3be9\" data-element_type=\"widget\" data-widget_type=\"image.default\">\n\t\t\t\t<div class=\"elementor-widget-container\">\n\t\t\t\t\t\t\t\t\t\t\t\t\t\t\t<img loading=\"lazy\" decoding=\"async\" width=\"1024\" height=\"576\" src=\"https:\/\/man.kielce.pl\/wp-content\/uploads\/2023\/11\/pracelab-1024x576.jpg\" class=\"attachment-large size-large wp-image-953\" alt=\"logo projektu Prace Lab\" srcset=\"https:\/\/man.kielce.pl\/wp-content\/uploads\/2023\/11\/pracelab-1024x576.jpg 1024w, https:\/\/man.kielce.pl\/wp-content\/uploads\/2023\/11\/pracelab-300x169.jpg 300w, https:\/\/man.kielce.pl\/wp-content\/uploads\/2023\/11\/pracelab-768x432.jpg 768w, https:\/\/man.kielce.pl\/wp-content\/uploads\/2023\/11\/pracelab-1000x563.jpg 1000w, https:\/\/man.kielce.pl\/wp-content\/uploads\/2023\/11\/pracelab-230x129.jpg 230w, https:\/\/man.kielce.pl\/wp-content\/uploads\/2023\/11\/pracelab-350x197.jpg 350w, https:\/\/man.kielce.pl\/wp-content\/uploads\/2023\/11\/pracelab-480x270.jpg 480w, https:\/\/man.kielce.pl\/wp-content\/uploads\/2023\/11\/pracelab.jpg 1408w\" sizes=\"(max-width: 1024px) 100vw, 1024px\" \/>\t\t\t\t\t\t\t\t\t\t\t\t\t\t\t<\/div>\n\t\t\t\t<\/div>\n\t\t\t\t<\/div>\n\t\t<div class=\"elementor-element elementor-element-dba5f9f e-con-full e-flex e-con e-child\" data-id=\"dba5f9f\" data-element_type=\"container\" data-settings=\"{&quot;content_width&quot;:&quot;full&quot;}\">\n\t\t\t\t<div class=\"elementor-element elementor-element-d4db1c9 elementor-widget elementor-widget-text-editor\" data-id=\"d4db1c9\" data-element_type=\"widget\" data-widget_type=\"text-editor.default\">\n\t\t\t\t<div class=\"elementor-widget-container\">\n\t\t\t\t\t\t\t<p style=\"margin: 0px 0px 1.5em; padding: 0px; border: 0px; font-variant-numeric: inherit; font-variant-east-asian: inherit; font-variant-alternates: inherit; font-variant-position: inherit; font-stretch: inherit; font-size: 14px; line-height: 1.7em; font-family: 'Open Sans', sans-serif; font-optical-sizing: inherit; font-kerning: inherit; font-feature-settings: inherit; font-variation-settings: inherit; vertical-align: baseline; word-break: break-word; overflow-wrap: break-word; color: #000000;\">To projekt realizowany w Polsce, oferuj\u0105cy zaawansowane us\u0142ugi obliczeniowe oraz sk\u0142adowania danych, wspieraj\u0105cy \u015brodowiska naukowe w kraju i Europie oraz badania przemys\u0142owe w gospodarce. Najnowocze\u015bniejsza i najwi\u0119ksza infrastruktura obliczeniowa o najwy\u017cszym standardzie niezawodno\u015bci.<\/p><div class=\"elementor-element elementor-element-137c2e02 animated elementor-widget elementor-widget-text-editor fadeIn\" style=\"margin-top: 0px; margin-right: 0px; margin-left: 0px; padding: 0px; border: 0px; font-variant-numeric: inherit; font-variant-east-asian: inherit; font-variant-alternates: inherit; font-variant-position: inherit; font-stretch: inherit; font-size: 14px; line-height: inherit; font-family: 'Open Sans', sans-serif; font-optical-sizing: inherit; font-kerning: inherit; font-feature-settings: inherit; font-variation-settings: inherit; vertical-align: baseline; color: #000000;\" data-id=\"137c2e02\" data-settings=\"{&quot;_animation&quot;:&quot;fadeIn&quot;}\" data-element_type=\"text-editor.default\"><div class=\"elementor-widget-container\" style=\"margin: 0px; padding: 0px; border: 0px; font: inherit; vertical-align: baseline;\"><div class=\"elementor-text-editor elementor-clearfix\" style=\"margin: 0px; padding: 0px; border: 0px; font: inherit; vertical-align: baseline;\"><p style=\"margin: 0px 0px 1.5em; padding: 0px; border: 0px; font-style: inherit; font-variant: inherit; font-weight: inherit; font-stretch: inherit; font-size: inherit; line-height: 1.7em; font-family: inherit; font-optical-sizing: inherit; font-kerning: inherit; font-feature-settings: inherit; font-variation-settings: inherit; vertical-align: baseline; word-break: break-word; overflow-wrap: break-word;\">Celem nadrz\u0119dnym projektu jest zwi\u0119kszenie konkurencyjno\u015bci \u015brodowiska naukowego oraz gospodarki, ze szczeg\u00f3lnym uwzgl\u0119dnieniem M\u015aP, na rynkach mi\u0119dzynarodowych. Dzi\u0119ki realizacji prac rozwojowych planowana jest poprawa pozycji polskiego sektora ICT poprzez wsparcie i wzmocnienie rozwoju innowacyjnych rozwi\u0105za\u0144.<\/p><p style=\"margin: 0px 0px 1.5em; padding: 0px; border: 0px; font-style: inherit; font-variant: inherit; font-weight: inherit; font-stretch: inherit; font-size: inherit; line-height: 1.7em; font-family: inherit; font-optical-sizing: inherit; font-kerning: inherit; font-feature-settings: inherit; font-variation-settings: inherit; vertical-align: baseline; word-break: break-word; overflow-wrap: break-word;\">Celem bezpo\u015brednim projektu jest budowa szeroko dost\u0119pnej infrastruktury obliczeniowej HPC (ang. High Performance Computing) z\u0142o\u017conej z wysokowydajnych serwer\u00f3w obliczeniowych, specjalizowanych jednostek przetwarzania i elastycznych system\u00f3w zarz\u0105dzania danymi oraz udost\u0119pnienie jednostkom naukowym i przedsi\u0119biorstwom w oparciu o t\u0119 infrastruktur\u0119 us\u0142ug dla prac badawczo-rozwojowych i dzia\u0142a\u0144 komercyjnych.<\/p><p style=\"margin: 0px 0px 1.5em; padding: 0px; border: 0px; font-style: inherit; font-variant: inherit; font-weight: inherit; font-stretch: inherit; font-size: inherit; line-height: 1.7em; font-family: inherit; font-optical-sizing: inherit; font-kerning: inherit; font-feature-settings: inherit; font-variation-settings: inherit; vertical-align: baseline; word-break: break-word; overflow-wrap: break-word;\">Realizacja projektu planowana jest na lata 2019-2023 i obejmuje budow\u0119 wyspecjalizowanych laboratori\u00f3w, gwarantuj\u0105cych najwy\u017csz\u0105 jako\u015b\u0107 \u015bwiadczonych us\u0142ug.<\/p><\/div><\/div><\/div>\t\t\t\t\t\t<\/div>\n\t\t\t\t<\/div>\n\t\t\t\t<\/div>\n\t\t\t\t\t<\/div>\n\t\t\t\t<\/div>\n\t\t<div class=\"elementor-element elementor-element-176a634 e-flex e-con-boxed e-con e-parent\" data-id=\"176a634\" data-element_type=\"container\" data-settings=\"{&quot;background_background&quot;:&quot;classic&quot;,&quot;content_width&quot;:&quot;boxed&quot;}\" data-core-v316-plus=\"true\">\n\t\t\t\t\t<div class=\"e-con-inner\">\n\t\t<div class=\"elementor-element elementor-element-070d257 e-con-full e-flex e-con e-child\" data-id=\"070d257\" data-element_type=\"container\" data-settings=\"{&quot;content_width&quot;:&quot;full&quot;}\">\n\t\t\t\t<div class=\"elementor-element elementor-element-cc663de elementor-widget elementor-widget-text-editor\" data-id=\"cc663de\" data-element_type=\"widget\" data-widget_type=\"text-editor.default\">\n\t\t\t\t<div class=\"elementor-widget-container\">\n\t\t\t\t\t\t\t<p style=\"margin: 0;\">Miejska Sie\u0107 Komputerowa KIELMAN, rozbudowuj\u0105c swoj\u0105 infrastruktur\u0119, realizuje w ramach Europejskiego Funduszu Rozwoju Regionalnego (ZPORR, dzia\u0142anie 1.5) projekt o nazwie\u00a0<strong>&#8222;\u015awi\u0119tokrzyska Regionalna Sie\u0107 Komputerowa, rozbudowa MSK Kielman&#8221;\u00a0<\/strong>b\u0119d\u0105cy cz\u0119\u015bci\u0105 projektu\u00a0<strong>&#8222;E-\u015bwi\u0119tokrzyskie&#8221;<\/strong>. Jednym z jego podstawowych cel\u00f3w jest utrzymanie poziomu rozwoju technicznej infrastruktury informatycznej regionu na poziomie og\u00f3lnokrajowym i odpowiednim dla wsp\u00f3lnoty europejskiej.<\/p>\t\t\t\t\t\t<\/div>\n\t\t\t\t<\/div>\n\t\t\t\t<\/div>\n\t\t<div class=\"elementor-element elementor-element-81e8afa e-con-full e-flex e-con e-child\" data-id=\"81e8afa\" data-element_type=\"container\" data-settings=\"{&quot;content_width&quot;:&quot;full&quot;}\">\n\t\t\t\t<div class=\"elementor-element elementor-element-39b56d5 elementor-widget elementor-widget-image\" data-id=\"39b56d5\" data-element_type=\"widget\" data-widget_type=\"image.default\">\n\t\t\t\t<div class=\"elementor-widget-container\">\n\t\t\t\t\t\t\t\t\t\t\t\t\t\t\t<img loading=\"lazy\" decoding=\"async\" width=\"312\" height=\"134\" src=\"https:\/\/man.kielce.pl\/wp-content\/uploads\/2022\/05\/srsk.png\" class=\"attachment-large size-large wp-image-938\" alt=\"\" srcset=\"https:\/\/man.kielce.pl\/wp-content\/uploads\/2022\/05\/srsk.png 312w, https:\/\/man.kielce.pl\/wp-content\/uploads\/2022\/05\/srsk-300x129.png 300w, https:\/\/man.kielce.pl\/wp-content\/uploads\/2022\/05\/srsk-230x99.png 230w\" sizes=\"(max-width: 312px) 100vw, 312px\" \/>\t\t\t\t\t\t\t\t\t\t\t\t\t\t\t<\/div>\n\t\t\t\t<\/div>\n\t\t\t\t<\/div>\n\t\t\t\t\t<\/div>\n\t\t\t\t<\/div>\n\t\t<div class=\"elementor-element elementor-element-75c63d4 e-flex e-con-boxed e-con e-parent\" data-id=\"75c63d4\" data-element_type=\"container\" data-settings=\"{&quot;content_width&quot;:&quot;boxed&quot;}\" data-core-v316-plus=\"true\">\n\t\t\t\t\t<div class=\"e-con-inner\">\n\t\t<div class=\"elementor-element elementor-element-1c9f459 e-con-full e-flex e-con e-child\" data-id=\"1c9f459\" data-element_type=\"container\" data-settings=\"{&quot;content_width&quot;:&quot;full&quot;}\">\n\t\t\t\t<div class=\"elementor-element elementor-element-6827aeb elementor-widget elementor-widget-image\" data-id=\"6827aeb\" data-element_type=\"widget\" data-widget_type=\"image.default\">\n\t\t\t\t<div class=\"elementor-widget-container\">\n\t\t\t\t\t\t\t\t\t\t\t\t\t\t\t<img loading=\"lazy\" decoding=\"async\" width=\"307\" height=\"164\" src=\"https:\/\/man.kielce.pl\/wp-content\/uploads\/2022\/05\/manha.png\" class=\"attachment-large size-large wp-image-937\" alt=\"\" srcset=\"https:\/\/man.kielce.pl\/wp-content\/uploads\/2022\/05\/manha.png 307w, https:\/\/man.kielce.pl\/wp-content\/uploads\/2022\/05\/manha-300x160.png 300w, https:\/\/man.kielce.pl\/wp-content\/uploads\/2022\/05\/manha-230x123.png 230w\" sizes=\"(max-width: 307px) 100vw, 307px\" \/>\t\t\t\t\t\t\t\t\t\t\t\t\t\t\t<\/div>\n\t\t\t\t<\/div>\n\t\t\t\t<\/div>\n\t\t<div class=\"elementor-element elementor-element-6e2cd6e e-con-full e-flex e-con e-child\" data-id=\"6e2cd6e\" data-element_type=\"container\" data-settings=\"{&quot;content_width&quot;:&quot;full&quot;}\">\n\t\t\t\t<div class=\"elementor-element elementor-element-bf9dffa elementor-widget elementor-widget-text-editor\" data-id=\"bf9dffa\" data-element_type=\"widget\" data-widget_type=\"text-editor.default\">\n\t\t\t\t<div class=\"elementor-widget-container\">\n\t\t\t\t\t\t\t<p style=\"margin: 0;\">KielMAN realizuje wsp\u00f3lnie z cz\u0142onkami Konsorcjum PIONIER, projekt pod nazw\u0105:<strong>\u00a0&#8222;Realizacja w MAN-ach us\u0142ug krytycznych o wysokim poziomie niezawodno\u015bci (MAN-HA)&#8221;.<\/strong><br \/>Kwota dofinansowania przyznana Uczelni wynosi 521 024,53 z\u0142. Ca\u0142kowita warto\u015b\u0107 projektu wynosi 14 707 534,01 z\u0142. W ramach przyznanego dofinansowania zostan\u0105 zakupione mi\u0119dzy innymi nast\u0119puj\u0105ce urz\u0105dzenia: firewall, serwery oraz licencje na zakup system\u00f3w VPN. Dodatkowo wdro\u017cona zostanie Federacja Zarz\u0105dzania To\u017csamo\u015bci\u0105: PIONIER.id, kt\u00f3rej celem b\u0119dzie uproszczenie procesu logowania do us\u0142ug udost\u0119pnionych w sieci PIONIER. Projekt Realizacja w MAN-ach us\u0142ug krytycznych o wysokim poziomie niezawodno\u015bci (MAN-HA) jest kolejnym projektem realizowanym we wsp\u00f3\u0142pracy z Instytutem Chemii Bioorganicznej PAN (Pozna\u0144skim Centrum Superkomputerowo-Sieciowym), b\u0119d\u0105cym operatorem sieci PIONIER.<br \/>Lokalny Koordynator Merytoryczny:<br \/>mgr in\u017c. Tomasz Stefa\u0144czyk<br \/>Lokalny Koordynator finansowy:<br \/>mgr Alicja Wnorowska<\/p>\t\t\t\t\t\t<\/div>\n\t\t\t\t<\/div>\n\t\t\t\t<\/div>\n\t\t\t\t\t<\/div>\n\t\t\t\t<\/div>\n\t\t\t\t\t\t\t<\/div>\n\t\t","protected":false},"excerpt":{"rendered":"<p>Projekt PIONIER-LAB \u2013 Krajowa Platforma Integracji Infrastruktur Badawczych z Ekosystemami Innowacji zak\u0142ada budow\u0119 nowych, unikalnych laboratori\u00f3w badawczych i wykorzystanie istniej\u0105cej krajowej sieci [&hellip;]<\/p>\n","protected":false},"author":1,"featured_media":0,"parent":0,"menu_order":0,"comment_status":"closed","ping_status":"closed","template":"page-templates\/page_front-page.php","meta":{"footnotes":""},"_links":{"self":[{"href":"https:\/\/man.kielce.pl\/index.php?rest_route=\/wp\/v2\/pages\/494"}],"collection":[{"href":"https:\/\/man.kielce.pl\/index.php?rest_route=\/wp\/v2\/pages"}],"about":[{"href":"https:\/\/man.kielce.pl\/index.php?rest_route=\/wp\/v2\/types\/page"}],"author":[{"embeddable":true,"href":"https:\/\/man.kielce.pl\/index.php?rest_route=\/wp\/v2\/users\/1"}],"replies":[{"embeddable":true,"href":"https:\/\/man.kielce.pl\/index.php?rest_route=%2Fwp%2Fv2%2Fcomments&post=494"}],"version-history":[{"count":16,"href":"https:\/\/man.kielce.pl\/index.php?rest_route=\/wp\/v2\/pages\/494\/revisions"}],"predecessor-version":[{"id":996,"href":"https:\/\/man.kielce.pl\/index.php?rest_route=\/wp\/v2\/pages\/494\/revisions\/996"}],"wp:attachment":[{"href":"https:\/\/man.kielce.pl\/index.php?rest_route=%2Fwp%2Fv2%2Fmedia&parent=494"}],"curies":[{"name":"wp","href":"https:\/\/api.w.org\/{rel}","templated":true}]}}