{"id":401,"date":"2022-05-18T10:00:50","date_gmt":"2022-05-18T08:00:50","guid":{"rendered":"https:\/\/demo.athemes.com\/sydney-main\/?page_id=401"},"modified":"2024-09-04T09:45:09","modified_gmt":"2024-09-04T07:45:09","slug":"domeny","status":"publish","type":"page","link":"https:\/\/man.kielce.pl\/?page_id=401","title":{"rendered":"Domeny"},"content":{"rendered":"\t\t<div data-elementor-type=\"wp-page\" data-elementor-id=\"401\" class=\"elementor elementor-401\">\n\t\t\t\t\t\t\t\t\t<section class=\"elementor-section elementor-top-section elementor-element elementor-element-eedafb9 elementor-section-content-middle elementor-section-boxed elementor-section-height-default elementor-section-height-default\" data-id=\"eedafb9\" data-element_type=\"section\">\n\t\t\t\t\t\t<div class=\"elementor-container elementor-column-gap-default\">\n\t\t\t\t\t<div class=\"elementor-column elementor-col-100 elementor-top-column elementor-element elementor-element-571508b\" data-id=\"571508b\" data-element_type=\"column\">\n\t\t\t<div class=\"elementor-widget-wrap elementor-element-populated\">\n\t\t\t\t\t\t\t\t<div class=\"elementor-element elementor-element-2fc2cb6 elementor-widget elementor-widget-heading\" data-id=\"2fc2cb6\" data-element_type=\"widget\" data-widget_type=\"heading.default\">\n\t\t\t\t<div class=\"elementor-widget-container\">\n\t\t\t<style>\/*! elementor - v3.17.0 - 08-11-2023 *\/\n.elementor-heading-title{padding:0;margin:0;line-height:1}.elementor-widget-heading .elementor-heading-title[class*=elementor-size-]>a{color:inherit;font-size:inherit;line-height:inherit}.elementor-widget-heading .elementor-heading-title.elementor-size-small{font-size:15px}.elementor-widget-heading .elementor-heading-title.elementor-size-medium{font-size:19px}.elementor-widget-heading .elementor-heading-title.elementor-size-large{font-size:29px}.elementor-widget-heading .elementor-heading-title.elementor-size-xl{font-size:39px}.elementor-widget-heading .elementor-heading-title.elementor-size-xxl{font-size:59px}<\/style><h2 class=\"elementor-heading-title elementor-size-default\">Serwis DNS dla domeny kielce.pl<\/h2>\t\t<\/div>\n\t\t\t\t<\/div>\n\t\t\t\t<div class=\"elementor-element elementor-element-1cf0f1c elementor-widget elementor-widget-text-editor\" data-id=\"1cf0f1c\" data-element_type=\"widget\" data-widget_type=\"text-editor.default\">\n\t\t\t\t<div class=\"elementor-widget-container\">\n\t\t\t<style>\/*! elementor - v3.17.0 - 08-11-2023 *\/\n.elementor-widget-text-editor.elementor-drop-cap-view-stacked .elementor-drop-cap{background-color:#69727d;color:#fff}.elementor-widget-text-editor.elementor-drop-cap-view-framed .elementor-drop-cap{color:#69727d;border:3px solid;background-color:transparent}.elementor-widget-text-editor:not(.elementor-drop-cap-view-default) .elementor-drop-cap{margin-top:8px}.elementor-widget-text-editor:not(.elementor-drop-cap-view-default) .elementor-drop-cap-letter{width:1em;height:1em}.elementor-widget-text-editor .elementor-drop-cap{float:left;text-align:center;line-height:1;font-size:50px}.elementor-widget-text-editor .elementor-drop-cap-letter{display:inline-block}<\/style>\t\t\t\t<p><b>Aby zarejestrowa\u0107 domen\u0119 nale\u017cy:<\/b><\/p>\n<ul>\n<li>Zapozna\u0107 si\u0119 z <a href=\"http:\/\/domeny.kielce.pl\/index\/regulamin\" target=\"_blank\" rel=\"noopener\">zasadami rejestracji domen <\/a>i cennikiem<\/li>\n<li>Wej\u015b\u0107 na stron\u0119&nbsp;<a title=\"System Obs\u0142ugi Domen\" href=\"http:\/\/domeny.kielce.pl\/\" target=\"_blank\" rel=\"noopener\">Systemu Obs\u0142ugi Domen<\/a>&nbsp;i rozpocz\u0105\u0107 proces rejestracji domeny poprzez naci\u015bni\u0119cie przycisku &#8222;Rejestracja domeny&#8221;<\/li>\n<li>Wype\u0142ni\u0107 kolejne formularze poprawnymi danymi i post\u0119powa\u0107 zgodnie z wy\u015bwietlanymi instrukcjami<\/li>\n<\/ul>\n<p><strong>Wszelkie pytania dotycz\u0105ce rejestracji domen oraz obs\u0142ugi DNS nale\u017cy kierowa\u0107 w godzinach 8:00-15:00, Pn.-Pt. do:<\/strong><\/p>\n<ul>\n<li>Ma\u0142gorzata Kita, mkita [at] tu.kielce.pl, tel.: 41 34 24 496 &#8211;&nbsp;<strong>w sprawach formalnych i z pytaniami zwi\u0105zanymi z obs\u0142ug\u0105 System<\/strong><\/li>\n<\/ul>\t\t\t\t\t\t<\/div>\n\t\t\t\t<\/div>\n\t\t\t\t\t<\/div>\n\t\t<\/div>\n\t\t\t\t\t\t\t<\/div>\n\t\t<\/section>\n\t\t\t\t<section class=\"elementor-section elementor-top-section elementor-element elementor-element-cf5ff21 elementor-section-content-middle cennik elementor-section-boxed elementor-section-height-default elementor-section-height-default\" data-id=\"cf5ff21\" data-element_type=\"section\" data-settings=\"{&quot;background_background&quot;:&quot;classic&quot;}\">\n\t\t\t\t\t\t<div class=\"elementor-container elementor-column-gap-default\">\n\t\t\t\t\t<div class=\"elementor-column elementor-col-100 elementor-top-column elementor-element elementor-element-9d8f192\" data-id=\"9d8f192\" data-element_type=\"column\">\n\t\t\t<div class=\"elementor-widget-wrap elementor-element-populated\">\n\t\t\t\t\t\t\t\t<div class=\"elementor-element elementor-element-a2ff96d elementor-widget elementor-widget-heading\" data-id=\"a2ff96d\" data-element_type=\"widget\" data-widget_type=\"heading.default\">\n\t\t\t\t<div class=\"elementor-widget-container\">\n\t\t\t<h2 class=\"elementor-heading-title elementor-size-default\">Cennik<\/h2>\t\t<\/div>\n\t\t\t\t<\/div>\n\t\t\t\t<div class=\"elementor-element elementor-element-916967e elementor-widget elementor-widget-heading\" data-id=\"916967e\" data-element_type=\"widget\" data-widget_type=\"heading.default\">\n\t\t\t\t<div class=\"elementor-widget-container\">\n\t\t\t<h6 class=\"elementor-heading-title elementor-size-default\">Op\u0142ata rejestracyjna za pierwszy rok:<\/h6>\t\t<\/div>\n\t\t\t\t<\/div>\n\t\t\t\t<div class=\"elementor-element elementor-element-6811c22 elementor-widget elementor-widget-text-editor\" data-id=\"6811c22\" data-element_type=\"widget\" data-widget_type=\"text-editor.default\">\n\t\t\t\t<div class=\"elementor-widget-container\">\n\t\t\t\t\t\t\t50 z\u0142\t\t\t\t\t\t<\/div>\n\t\t\t\t<\/div>\n\t\t\t\t<div class=\"elementor-element elementor-element-219c930 elementor-widget elementor-widget-heading\" data-id=\"219c930\" data-element_type=\"widget\" data-widget_type=\"heading.default\">\n\t\t\t\t<div class=\"elementor-widget-container\">\n\t\t\t<h6 class=\"elementor-heading-title elementor-size-default\">Przed\u0142u\u017cenie wa\u017cno\u015bci domeny o kolejny rok:<\/h6>\t\t<\/div>\n\t\t\t\t<\/div>\n\t\t\t\t<div class=\"elementor-element elementor-element-8c0b95d elementor-widget elementor-widget-text-editor\" data-id=\"8c0b95d\" data-element_type=\"widget\" data-widget_type=\"text-editor.default\">\n\t\t\t\t<div class=\"elementor-widget-container\">\n\t\t\t\t\t\t\t<p>50 z\u0142<\/p>\t\t\t\t\t\t<\/div>\n\t\t\t\t<\/div>\n\t\t\t\t<div class=\"elementor-element elementor-element-7aa6365 elementor-widget elementor-widget-text-editor\" data-id=\"7aa6365\" data-element_type=\"widget\" data-widget_type=\"text-editor.default\">\n\t\t\t\t<div class=\"elementor-widget-container\">\n\t\t\t\t\t\t\t<p>Ceny jednostkowe za domen\u0119 NETTO nale\u017cy doliczy\u0107 obowi\u0105zuj\u0105c\u0105 stawk\u0119 podatku VAT (23%).<br>Op\u0142ata rejestracyjna pokrywa koszty utrzymania domeny na okres jednego roku.<\/p>\t\t\t\t\t\t<\/div>\n\t\t\t\t<\/div>\n\t\t\t\t\t<\/div>\n\t\t<\/div>\n\t\t\t\t\t\t\t<\/div>\n\t\t<\/section>\n\t\t\t\t<section class=\"elementor-section elementor-top-section elementor-element elementor-element-aa357ca elementor-section-boxed elementor-section-height-default elementor-section-height-default\" data-id=\"aa357ca\" data-element_type=\"section\">\n\t\t\t\t\t\t<div class=\"elementor-container elementor-column-gap-default\">\n\t\t\t\t\t<div class=\"elementor-column elementor-col-100 elementor-top-column elementor-element elementor-element-50a14cd\" data-id=\"50a14cd\" data-element_type=\"column\">\n\t\t\t<div class=\"elementor-widget-wrap elementor-element-populated\">\n\t\t\t\t\t\t\t\t<section class=\"elementor-section elementor-inner-section elementor-element elementor-element-fc4bb31 elementor-section-boxed elementor-section-height-default elementor-section-height-default\" data-id=\"fc4bb31\" data-element_type=\"section\">\n\t\t\t\t\t\t<div class=\"elementor-container elementor-column-gap-extended\">\n\t\t\t\t\t<div class=\"elementor-column elementor-col-100 elementor-inner-column elementor-element elementor-element-936216a\" data-id=\"936216a\" data-element_type=\"column\">\n\t\t\t<div class=\"elementor-widget-wrap elementor-element-populated\">\n\t\t\t\t\t\t\t\t<div class=\"elementor-element elementor-element-f3358db elementor-widget elementor-widget-heading\" data-id=\"f3358db\" data-element_type=\"widget\" data-widget_type=\"heading.default\">\n\t\t\t\t<div class=\"elementor-widget-container\">\n\t\t\t<h2 class=\"elementor-heading-title elementor-size-default\">Pliki do pobrania<\/h2>\t\t<\/div>\n\t\t\t\t<\/div>\n\t\t\t\t<div class=\"elementor-element elementor-element-518262e elementor-widget elementor-widget-text-editor\" data-id=\"518262e\" data-element_type=\"widget\" data-widget_type=\"text-editor.default\">\n\t\t\t\t<div class=\"elementor-widget-container\">\n\t\t\t\t\t\t\t<p>Formularz aktualizacji domeny (dla dotychczasowych klient\u00f3w kt\u00f3rzy nie maj\u0105 jeszcze dost\u0119pu do Panelu Zarz\u0105dzania Domenami)<\/p><ul><li><a href=\"https:\/\/new.man.kielce.pl\/wp-content\/uploads\/2022\/05\/formularz.doc\">Wersja dla MS Word<\/a><\/li><li><a href=\"https:\/\/new.man.kielce.pl\/wp-content\/uploads\/2022\/05\/formularz.sxw\">Wersja dla OpenOffice<\/a><\/li><\/ul>\t\t\t\t\t\t<\/div>\n\t\t\t\t<\/div>\n\t\t\t\t\t<\/div>\n\t\t<\/div>\n\t\t\t\t\t\t\t<\/div>\n\t\t<\/section>\n\t\t\t\t\t<\/div>\n\t\t<\/div>\n\t\t\t\t\t\t\t<\/div>\n\t\t<\/section>\n\t\t\t\t\t\t\t<\/div>\n\t\t","protected":false},"excerpt":{"rendered":"<p>Serwis DNS dla domeny kielce.pl Aby zarejestrowa\u0107 domen\u0119 nale\u017cy: Zapozna\u0107 si\u0119 z zasadami rejestracji domen i cennikiem Wej\u015b\u0107 na stron\u0119&nbsp;Systemu Obs\u0142ugi Domen&nbsp;i [&hellip;]<\/p>\n","protected":false},"author":1,"featured_media":0,"parent":0,"menu_order":0,"comment_status":"closed","ping_status":"closed","template":"page-templates\/page_front-page.php","meta":{"footnotes":""},"_links":{"self":[{"href":"https:\/\/man.kielce.pl\/index.php?rest_route=\/wp\/v2\/pages\/401"}],"collection":[{"href":"https:\/\/man.kielce.pl\/index.php?rest_route=\/wp\/v2\/pages"}],"about":[{"href":"https:\/\/man.kielce.pl\/index.php?rest_route=\/wp\/v2\/types\/page"}],"author":[{"embeddable":true,"href":"https:\/\/man.kielce.pl\/index.php?rest_route=\/wp\/v2\/users\/1"}],"replies":[{"embeddable":true,"href":"https:\/\/man.kielce.pl\/index.php?rest_route=%2Fwp%2Fv2%2Fcomments&post=401"}],"version-history":[{"count":38,"href":"https:\/\/man.kielce.pl\/index.php?rest_route=\/wp\/v2\/pages\/401\/revisions"}],"predecessor-version":[{"id":1167,"href":"https:\/\/man.kielce.pl\/index.php?rest_route=\/wp\/v2\/pages\/401\/revisions\/1167"}],"wp:attachment":[{"href":"https:\/\/man.kielce.pl\/index.php?rest_route=%2Fwp%2Fv2%2Fmedia&parent=401"}],"curies":[{"name":"wp","href":"https:\/\/api.w.org\/{rel}","templated":true}]}}